{"id":1978,"date":"2024-11-13T09:06:28","date_gmt":"2024-11-13T09:06:28","guid":{"rendered":"https:\/\/www.dns-alpha.com\/ambitos-de-aplicacion\/"},"modified":"2025-12-10T09:56:50","modified_gmt":"2025-12-10T09:56:50","slug":"ambitos-de-aplicacion","status":"publish","type":"page","link":"https:\/\/www.dns-alpha.com\/es\/ambitos-de-aplicacion\/","title":{"rendered":"\u00c1mbitos de aplicaci\u00f3n"},"content":{"rendered":"\t\t<div data-elementor-type=\"wp-page\" data-elementor-id=\"1978\" class=\"elementor elementor-1978 elementor-115\" data-elementor-post-type=\"page\">\n\t\t\t\t<div class=\"elementor-element elementor-element-7454b95 e-flex e-con-boxed e-con e-parent\" data-id=\"7454b95\" data-element_type=\"container\" data-e-type=\"container\" data-settings=\"{&quot;background_background&quot;:&quot;classic&quot;,&quot;animation&quot;:&quot;none&quot;}\">\n\t\t\t\t\t<div class=\"e-con-inner\">\n\t\t<div class=\"elementor-element elementor-element-794b42a0 e-flex e-con-boxed e-con e-child\" data-id=\"794b42a0\" data-element_type=\"container\" data-e-type=\"container\">\n\t\t\t\t\t<div class=\"e-con-inner\">\n\t\t\t\t<div class=\"elementor-element elementor-element-a86592b elementor-invisible elementor-widget elementor-widget-heading\" data-id=\"a86592b\" data-element_type=\"widget\" data-e-type=\"widget\" data-settings=\"{&quot;_animation&quot;:&quot;fadeInUp&quot;,&quot;_animation_delay&quot;:500}\" data-widget_type=\"heading.default\">\n\t\t\t\t<div class=\"elementor-widget-container\">\n\t\t\t\t\t<h1 class=\"elementor-heading-title elementor-size-default\">No excuses.<br>Just results.<\/h1>\t\t\t\t<\/div>\n\t\t\t\t<\/div>\n\t\t\t\t\t<\/div>\n\t\t\t\t<\/div>\n\t\t\t\t\t<\/div>\n\t\t\t\t<\/div>\n\t\t<div class=\"elementor-element elementor-element-4f6ddfb0 e-flex e-con-boxed e-con e-parent\" data-id=\"4f6ddfb0\" data-element_type=\"container\" data-e-type=\"container\">\n\t\t\t\t\t<div class=\"e-con-inner\">\n\t\t<div class=\"elementor-element elementor-element-2cbe476d e-con-full e-flex e-con e-child\" data-id=\"2cbe476d\" data-element_type=\"container\" data-e-type=\"container\">\n\t\t\t\t<div class=\"elementor-element elementor-element-4a67c35 elementor-invisible elementor-widget elementor-widget-heading\" data-id=\"4a67c35\" data-element_type=\"widget\" data-e-type=\"widget\" data-settings=\"{&quot;_animation&quot;:&quot;fadeInRight&quot;,&quot;_animation_mobile&quot;:&quot;fadeInUp&quot;}\" data-widget_type=\"heading.default\">\n\t\t\t\t<div class=\"elementor-widget-container\">\n\t\t\t\t\t<h2 class=\"elementor-heading-title elementor-size-default\">PARA TODOS LOS QUE QUIEREN M\u00c1S:\n<\/h2>\t\t\t\t<\/div>\n\t\t\t\t<\/div>\n\t\t\t\t<div class=\"elementor-element elementor-element-5cd22dd4 elementor-invisible elementor-widget elementor-widget-heading\" data-id=\"5cd22dd4\" data-element_type=\"widget\" data-e-type=\"widget\" data-settings=\"{&quot;_animation&quot;:&quot;fadeInRight&quot;,&quot;_animation_delay&quot;:400,&quot;_animation_mobile&quot;:&quot;fadeInUp&quot;}\" data-widget_type=\"heading.default\">\n\t\t\t\t<div class=\"elementor-widget-container\">\n\t\t\t\t\t<h2 class=\"elementor-heading-title elementor-size-default\">ROPA<br>PARA LAS EXIGENCIAS <br>M\u00c1S ELEVADAS<\/h2>\t\t\t\t<\/div>\n\t\t\t\t<\/div>\n\t\t\t\t<\/div>\n\t\t<div class=\"elementor-element elementor-element-3b2100ae e-con-full e-flex e-con e-child\" data-id=\"3b2100ae\" data-element_type=\"container\" data-e-type=\"container\">\n\t\t\t\t<div class=\"elementor-element elementor-element-21d99858 elementor-widget elementor-widget-text-editor\" data-id=\"21d99858\" data-element_type=\"widget\" data-e-type=\"widget\" data-widget_type=\"text-editor.default\">\n\t\t\t\t<div class=\"elementor-widget-container\">\n\t\t\t\t\t\t\t\t\tNuestro objetivo es desarrollar ropa que optimice las capacidades humanas. Consideramos diferentes perfiles de exigencia seg\u00fan el \u00e1mbito de aplicaci\u00f3n, teniendo en cuenta la duraci\u00f3n, la intensidad y el entorno en el que se utilizar\u00e1.  \t\t\t\t\t\t\t\t<\/div>\n\t\t\t\t<\/div>\n\t\t\t\t<div class=\"elementor-element elementor-element-21e4fcc2 elementor-widget elementor-widget-text-editor\" data-id=\"21e4fcc2\" data-element_type=\"widget\" data-e-type=\"widget\" data-widget_type=\"text-editor.default\">\n\t\t\t\t<div class=\"elementor-widget-container\">\n\t\t\t\t\t\t\t\t\t<p>A trav\u00e9s de una observaci\u00f3n atenta y el reconocimiento de los detalles, nuestro sistema de ropa se vuelve intuitivo de usar y est\u00e1 dise\u00f1ado para ofrecer un valor a\u00f1adido pr\u00e1ctico.<\/p>\t\t\t\t\t\t\t\t<\/div>\n\t\t\t\t<\/div>\n\t\t\t\t<\/div>\n\t\t\t\t\t<\/div>\n\t\t\t\t<\/div>\n\t\t<div class=\"elementor-element elementor-element-e88d99f e-flex e-con-boxed elementor-invisible e-con e-parent\" data-id=\"e88d99f\" data-element_type=\"container\" data-e-type=\"container\" data-settings=\"{&quot;animation&quot;:&quot;fadeInUp&quot;}\">\n\t\t\t\t\t<div class=\"e-con-inner\">\n\t\t\t\t<div class=\"elementor-element elementor-element-183e00f elementor-widget elementor-widget-menu-anchor\" data-id=\"183e00f\" data-element_type=\"widget\" data-e-type=\"widget\" data-widget_type=\"menu-anchor.default\">\n\t\t\t\t<div class=\"elementor-widget-container\">\n\t\t\t\t\t\t\t<div class=\"elementor-menu-anchor\" id=\"ES\"><\/div>\n\t\t\t\t\t\t<\/div>\n\t\t\t\t<\/div>\n\t\t<div class=\"elementor-element elementor-element-e2a0c0e e-con-full e-flex e-con e-child\" data-id=\"e2a0c0e\" data-element_type=\"container\" data-e-type=\"container\" data-settings=\"{&quot;background_background&quot;:&quot;classic&quot;}\">\n\t\t\t\t<div class=\"elementor-element elementor-element-de1c21a elementor-position-inline-start elementor-tablet_extra-position-inline-start elementor-mobile_extra-position-inline-start elementor-widget__width-initial elementor-view-default elementor-mobile-position-block-start elementor-widget elementor-widget-icon-box\" data-id=\"de1c21a\" data-element_type=\"widget\" data-e-type=\"widget\" data-widget_type=\"icon-box.default\">\n\t\t\t\t<div class=\"elementor-widget-container\">\n\t\t\t\t\t\t\t<div class=\"elementor-icon-box-wrapper\">\n\n\t\t\t\t\t\t<div class=\"elementor-icon-box-icon\">\n\t\t\t\t<span  class=\"elementor-icon\">\n\t\t\t\t<svg xmlns=\"http:\/\/www.w3.org\/2000\/svg\" id=\"d\" viewBox=\"0 0 31.42 31.42\"><polygon points=\"6.41 9.18 14.9 9.18 14.9 10.96 8.47 10.96 8.47 14.05 14.42 14.05 14.42 15.73 8.47 15.73 8.47 19.18 15.01 19.18 15.01 20.96 6.41 20.96 6.41 9.18\"><\/polygon><path d=\"M18.17,17.03c0,1.8,1.34,2.52,2.99,2.52,1.82,0,2.49-.91,2.49-1.78s-.49-1.27-.97-1.45c-.84-.31-1.88-.53-3.52-.97-2.03-.53-2.61-1.77-2.61-2.99,0-2.38,2.18-3.47,4.31-3.47,2.44,0,4.52,1.31,4.52,3.76h-2.06c-.12-1.52-1.1-2.08-2.54-2.08-.96,0-2.16.35-2.16,1.54,0,.84.56,1.27,1.4,1.52.18.05,2.79.73,3.4.91,1.53.48,2.29,1.75,2.29,3,0,2.64-2.36,3.7-4.69,3.7-2.69,0-4.87-1.29-4.92-4.21h2.06Z\"><\/path><path d=\"M1.38,1.38h28.67v28.67H1.38V1.38ZM0,31.42h31.42V0H0v31.42Z\"><\/path><\/svg>\t\t\t\t<\/span>\n\t\t\t<\/div>\n\t\t\t\n\t\t\t\t\t\t<div class=\"elementor-icon-box-content\">\n\n\t\t\t\t\t\t\t\t\t<h3 class=\"elementor-icon-box-title\">\n\t\t\t\t\t\t<span  >\n\t\t\t\t\t\t\tEssentials\t\t\t\t\t\t<\/span>\n\t\t\t\t\t<\/h3>\n\t\t\t\t\n\t\t\t\t\t\t\t\t\t<p class=\"elementor-icon-box-description\">\n\t\t\t\t\t\tCon nuestra l\u00ednea ES queremos poner nuestra tecnolog\u00eda a disposici\u00f3n de todos aquellos que buscan un producto funcional para el uso diario sin renunciar a las propiedades de los materiales ni a las caracter\u00edsticas de dise\u00f1o. Nuestros productos ES prescinden de superficies de velcro y adherentes, lo que los hace ideales para un estilo de vida cotidiano y no t\u00e1ctico. \n\n\t\t\t\t\t<\/p>\n\t\t\t\t\n\t\t\t<\/div>\n\t\t\t\n\t\t<\/div>\n\t\t\t\t\t\t<\/div>\n\t\t\t\t<\/div>\n\t\t\t\t<\/div>\n\t\t\t\t\t<\/div>\n\t\t\t\t<\/div>\n\t\t<div class=\"elementor-element elementor-element-4dda763 e-flex e-con-boxed elementor-invisible e-con e-parent\" data-id=\"4dda763\" data-element_type=\"container\" data-e-type=\"container\" data-settings=\"{&quot;animation&quot;:&quot;fadeInUp&quot;}\">\n\t\t\t\t\t<div class=\"e-con-inner\">\n\t\t\t\t<div class=\"elementor-element elementor-element-9d2dd83 elementor-widget elementor-widget-menu-anchor\" data-id=\"9d2dd83\" data-element_type=\"widget\" data-e-type=\"widget\" data-widget_type=\"menu-anchor.default\">\n\t\t\t\t<div class=\"elementor-widget-container\">\n\t\t\t\t\t\t\t<div class=\"elementor-menu-anchor\" id=\"IN\"><\/div>\n\t\t\t\t\t\t<\/div>\n\t\t\t\t<\/div>\n\t\t<div class=\"elementor-element elementor-element-0abb57b e-con-full e-flex e-con e-child\" data-id=\"0abb57b\" data-element_type=\"container\" data-e-type=\"container\" data-settings=\"{&quot;background_background&quot;:&quot;classic&quot;}\">\n\t\t\t\t<div class=\"elementor-element elementor-element-8233442 elementor-position-inline-start elementor-tablet_extra-position-inline-start elementor-mobile_extra-position-inline-start elementor-widget__width-initial elementor-view-default elementor-mobile-position-block-start elementor-widget elementor-widget-icon-box\" data-id=\"8233442\" data-element_type=\"widget\" data-e-type=\"widget\" data-widget_type=\"icon-box.default\">\n\t\t\t\t<div class=\"elementor-widget-container\">\n\t\t\t\t\t\t\t<div class=\"elementor-icon-box-wrapper\">\n\n\t\t\t\t\t\t<div class=\"elementor-icon-box-icon\">\n\t\t\t\t<span  class=\"elementor-icon\">\n\t\t\t\t<svg xmlns=\"http:\/\/www.w3.org\/2000\/svg\" id=\"d\" viewBox=\"0 0 31.42 31.42\"><rect x=\"8.71\" y=\"9.18\" width=\"2.06\" height=\"11.79\"><\/rect><polygon points=\"13.22 9.18 15.4 9.18 20.78 17.86 20.81 17.86 20.81 9.18 22.78 9.18 22.78 20.97 20.6 20.97 15.23 12.3 15.18 12.3 15.18 20.97 13.22 20.97 13.22 9.18\"><\/polygon><path d=\"M1.38,1.38h28.67v28.67H1.38V1.38ZM0,31.42h31.42V0H0v31.42Z\"><\/path><\/svg>\t\t\t\t<\/span>\n\t\t\t<\/div>\n\t\t\t\n\t\t\t\t\t\t<div class=\"elementor-icon-box-content\">\n\n\t\t\t\t\t\t\t\t\t<h3 class=\"elementor-icon-box-title\">\n\t\t\t\t\t\t<span  >\n\t\t\t\t\t\t\tINDUSTRIE\t\t\t\t\t\t<\/span>\n\t\t\t\t\t<\/h3>\n\t\t\t\t\n\t\t\t\t\t\t\t\t\t<p class=\"elementor-icon-box-description\">\n\t\t\t\t\t\tDise\u00f1ada para el uso activo y exigente, nuestra l\u00ednea para la industria utiliza materiales resistentes y transpirables de nuestra serie LE, adapt\u00e1ndolos a las necesidades espec\u00edficas de cada sector.\n\n\n\t\t\t\t\t<\/p>\n\t\t\t\t\n\t\t\t<\/div>\n\t\t\t\n\t\t<\/div>\n\t\t\t\t\t\t<\/div>\n\t\t\t\t<\/div>\n\t\t\t\t<\/div>\n\t\t\t\t\t<\/div>\n\t\t\t\t<\/div>\n\t\t<div class=\"elementor-element elementor-element-f98b922 e-flex e-con-boxed elementor-invisible e-con e-parent\" data-id=\"f98b922\" data-element_type=\"container\" data-e-type=\"container\" data-settings=\"{&quot;animation&quot;:&quot;fadeInUp&quot;}\">\n\t\t\t\t\t<div class=\"e-con-inner\">\n\t\t\t\t<div class=\"elementor-element elementor-element-2068b9f elementor-widget elementor-widget-menu-anchor\" data-id=\"2068b9f\" data-element_type=\"widget\" data-e-type=\"widget\" data-widget_type=\"menu-anchor.default\">\n\t\t\t\t<div class=\"elementor-widget-container\">\n\t\t\t\t\t\t\t<div class=\"elementor-menu-anchor\" id=\"LE\"><\/div>\n\t\t\t\t\t\t<\/div>\n\t\t\t\t<\/div>\n\t\t<div class=\"elementor-element elementor-element-330e21a e-con-full e-flex e-con e-child\" data-id=\"330e21a\" data-element_type=\"container\" data-e-type=\"container\" data-settings=\"{&quot;background_background&quot;:&quot;classic&quot;}\">\n\t\t\t\t<div class=\"elementor-element elementor-element-001aa39 elementor-position-inline-start elementor-tablet_extra-position-inline-start elementor-mobile_extra-position-inline-start elementor-widget__width-initial elementor-view-default elementor-mobile-position-block-start elementor-widget elementor-widget-icon-box\" data-id=\"001aa39\" data-element_type=\"widget\" data-e-type=\"widget\" data-widget_type=\"icon-box.default\">\n\t\t\t\t<div class=\"elementor-widget-container\">\n\t\t\t\t\t\t\t<div class=\"elementor-icon-box-wrapper\">\n\n\t\t\t\t\t\t<div class=\"elementor-icon-box-icon\">\n\t\t\t\t<span  class=\"elementor-icon\">\n\t\t\t\t<svg xmlns=\"http:\/\/www.w3.org\/2000\/svg\" id=\"d\" viewBox=\"0 0 31.42 31.42\"><polygon points=\"7.02 9.18 9.09 9.18 9.09 19.18 15.08 19.18 15.08 20.96 7.02 20.96 7.02 9.18\"><\/polygon><polygon points=\"16.5 9.18 24.99 9.18 24.99 10.96 18.57 10.96 18.57 14.05 24.51 14.05 24.51 15.73 18.57 15.73 18.57 19.18 25.1 19.18 25.1 20.96 16.5 20.96 16.5 9.18\"><\/polygon><path d=\"M1.38,1.38h28.67v28.67H1.38V1.38ZM0,31.42h31.42V0H0v31.42Z\"><\/path><\/svg>\t\t\t\t<\/span>\n\t\t\t<\/div>\n\t\t\t\n\t\t\t\t\t\t<div class=\"elementor-icon-box-content\">\n\n\t\t\t\t\t\t\t\t\t<h3 class=\"elementor-icon-box-title\">\n\t\t\t\t\t\t<span  >\n\t\t\t\t\t\t\tLaw Enforcement\t\t\t\t\t\t<\/span>\n\t\t\t\t\t<\/h3>\n\t\t\t\t\n\t\t\t\t\t\t\t\t\t<p class=\"elementor-icon-box-description\">\n\t\t\t\t\t\tAdem\u00e1s de los materiales ya mencionados, espec\u00edficamente desarrollados para este \u00e1mbito, nuestras soluciones de dise\u00f1o tambi\u00e9n se diferencian seg\u00fan el \u00e1mbito de aplicaci\u00f3n.. De esta forma, nuestros productos LE incluyen siempre bolsillos integrados en lugar de externos, ofreciendo una apariencia menos militar. \t\t\t\t\t<\/p>\n\t\t\t\t\n\t\t\t<\/div>\n\t\t\t\n\t\t<\/div>\n\t\t\t\t\t\t<\/div>\n\t\t\t\t<\/div>\n\t\t\t\t<\/div>\n\t\t\t\t\t<\/div>\n\t\t\t\t<\/div>\n\t\t<div class=\"elementor-element elementor-element-0b435aa e-flex e-con-boxed elementor-invisible e-con e-parent\" data-id=\"0b435aa\" data-element_type=\"container\" data-e-type=\"container\" data-settings=\"{&quot;animation&quot;:&quot;fadeInUp&quot;}\">\n\t\t\t\t\t<div class=\"e-con-inner\">\n\t\t\t\t<div class=\"elementor-element elementor-element-f15e653 elementor-widget elementor-widget-menu-anchor\" data-id=\"f15e653\" data-element_type=\"widget\" data-e-type=\"widget\" data-widget_type=\"menu-anchor.default\">\n\t\t\t\t<div class=\"elementor-widget-container\">\n\t\t\t\t\t\t\t<div class=\"elementor-menu-anchor\" id=\"AF\"><\/div>\n\t\t\t\t\t\t<\/div>\n\t\t\t\t<\/div>\n\t\t<div class=\"elementor-element elementor-element-eed996b e-con-full e-flex e-con e-child\" data-id=\"eed996b\" data-element_type=\"container\" data-e-type=\"container\" data-settings=\"{&quot;background_background&quot;:&quot;classic&quot;}\">\n\t\t\t\t<div class=\"elementor-element elementor-element-31828ae elementor-position-inline-start elementor-tablet_extra-position-inline-start elementor-mobile_extra-position-inline-start elementor-widget__width-initial elementor-view-default elementor-mobile-position-block-start elementor-widget elementor-widget-icon-box\" data-id=\"31828ae\" data-element_type=\"widget\" data-e-type=\"widget\" data-widget_type=\"icon-box.default\">\n\t\t\t\t<div class=\"elementor-widget-container\">\n\t\t\t\t\t\t\t<div class=\"elementor-icon-box-wrapper\">\n\n\t\t\t\t\t\t<div class=\"elementor-icon-box-icon\">\n\t\t\t\t<span  class=\"elementor-icon\">\n\t\t\t\t<svg xmlns=\"http:\/\/www.w3.org\/2000\/svg\" id=\"d\" viewBox=\"0 0 31.42 31.42\"><path d=\"M9.71,9.18h2.2l4.54,11.79h-2.21l-1.1-3.12h-4.71l-1.11,3.12h-2.13l4.52-11.79ZM8.99,16.27h3.6l-1.76-5.07h-.05l-1.78,5.07Z\"><\/path><polygon points=\"17.58 9.18 25.72 9.18 25.72 10.96 19.64 10.96 19.64 14.05 24.97 14.05 24.97 15.73 19.64 15.73 19.64 20.96 17.58 20.96 17.58 9.18\"><\/polygon><path d=\"M1.38,1.38h28.67v28.67H1.38V1.38ZM0,31.42h31.42V0H0v31.42Z\"><\/path><\/svg>\t\t\t\t<\/span>\n\t\t\t<\/div>\n\t\t\t\n\t\t\t\t\t\t<div class=\"elementor-icon-box-content\">\n\n\t\t\t\t\t\t\t\t\t<h3 class=\"elementor-icon-box-title\">\n\t\t\t\t\t\t<span  >\n\t\t\t\t\t\t\tArmed Forces\t\t\t\t\t\t<\/span>\n\t\t\t\t\t<\/h3>\n\t\t\t\t\n\t\t\t\t\t\t\t\t\t<p class=\"elementor-icon-box-description\">\n\t\t\t\t\t\tNuestros productos para uso militar se caracterizan por sus materiales de camuflaje, transpirables y especialmente resistentes. Ofrecen bolsillos de gran volumen y un corte ligeramente m\u00e1s amplio en comparaci\u00f3n con nuestra l\u00ednea LE. \n\n\t\t\t\t\t<\/p>\n\t\t\t\t\n\t\t\t<\/div>\n\t\t\t\n\t\t<\/div>\n\t\t\t\t\t\t<\/div>\n\t\t\t\t<\/div>\n\t\t\t\t<\/div>\n\t\t\t\t\t<\/div>\n\t\t\t\t<\/div>\n\t\t\t\t<\/div>\n\t\t","protected":false},"excerpt":{"rendered":"<p>No excuses.Just results. PARA TODOS LOS QUE QUIEREN M\u00c1S: ROPAPARA LAS EXIGENCIAS M\u00c1S ELEVADAS Nuestro objetivo es desarrollar ropa que [&hellip;]<\/p>\n","protected":false},"author":1,"featured_media":0,"parent":0,"menu_order":0,"comment_status":"closed","ping_status":"closed","template":"","meta":{"site-sidebar-layout":"no-sidebar","site-content-layout":"","ast-site-content-layout":"full-width-container","site-content-style":"default","site-sidebar-style":"default","ast-global-header-display":"","ast-banner-title-visibility":"","ast-main-header-display":"","ast-hfb-above-header-display":"","ast-hfb-below-header-display":"","ast-hfb-mobile-header-display":"","site-post-title":"disabled","ast-breadcrumbs-content":"","ast-featured-img":"disabled","footer-sml-layout":"","ast-disable-related-posts":"","theme-transparent-header-meta":"","adv-header-id-meta":"","stick-header-meta":"","header-above-stick-meta":"","header-main-stick-meta":"","header-below-stick-meta":"","astra-migrate-meta-layouts":"default","ast-page-background-enabled":"default","ast-page-background-meta":{"desktop":{"background-color":"var(--ast-global-color-4)","background-image":"","background-repeat":"repeat","background-position":"center center","background-size":"auto","background-attachment":"scroll","background-type":"","background-media":"","overlay-type":"","overlay-color":"","overlay-opacity":"","overlay-gradient":""},"tablet":{"background-color":"","background-image":"","background-repeat":"repeat","background-position":"center center","background-size":"auto","background-attachment":"scroll","background-type":"","background-media":"","overlay-type":"","overlay-color":"","overlay-opacity":"","overlay-gradient":""},"mobile":{"background-color":"","background-image":"","background-repeat":"repeat","background-position":"center center","background-size":"auto","background-attachment":"scroll","background-type":"","background-media":"","overlay-type":"","overlay-color":"","overlay-opacity":"","overlay-gradient":""}},"ast-content-background-meta":{"desktop":{"background-color":"var(--ast-global-color-5)","background-image":"","background-repeat":"repeat","background-position":"center center","background-size":"auto","background-attachment":"scroll","background-type":"","background-media":"","overlay-type":"","overlay-color":"","overlay-opacity":"","overlay-gradient":""},"tablet":{"background-color":"var(--ast-global-color-5)","background-image":"","background-repeat":"repeat","background-position":"center center","background-size":"auto","background-attachment":"scroll","background-type":"","background-media":"","overlay-type":"","overlay-color":"","overlay-opacity":"","overlay-gradient":""},"mobile":{"background-color":"var(--ast-global-color-5)","background-image":"","background-repeat":"repeat","background-position":"center center","background-size":"auto","background-attachment":"scroll","background-type":"","background-media":"","overlay-type":"","overlay-color":"","overlay-opacity":"","overlay-gradient":""}},"footnotes":""},"class_list":["post-1978","page","type-page","status-publish","hentry"],"_links":{"self":[{"href":"https:\/\/www.dns-alpha.com\/es\/wp-json\/wp\/v2\/pages\/1978","targetHints":{"allow":["GET"]}}],"collection":[{"href":"https:\/\/www.dns-alpha.com\/es\/wp-json\/wp\/v2\/pages"}],"about":[{"href":"https:\/\/www.dns-alpha.com\/es\/wp-json\/wp\/v2\/types\/page"}],"author":[{"embeddable":true,"href":"https:\/\/www.dns-alpha.com\/es\/wp-json\/wp\/v2\/users\/1"}],"replies":[{"embeddable":true,"href":"https:\/\/www.dns-alpha.com\/es\/wp-json\/wp\/v2\/comments?post=1978"}],"version-history":[{"count":0,"href":"https:\/\/www.dns-alpha.com\/es\/wp-json\/wp\/v2\/pages\/1978\/revisions"}],"wp:attachment":[{"href":"https:\/\/www.dns-alpha.com\/es\/wp-json\/wp\/v2\/media?parent=1978"}],"curies":[{"name":"wp","href":"https:\/\/api.w.org\/{rel}","templated":true}]}}