{"id":1990,"date":"2024-12-09T15:34:49","date_gmt":"2024-12-09T15:34:49","guid":{"rendered":"https:\/\/www.dns-alpha.com\/aviso-legal\/"},"modified":"2025-11-05T14:27:38","modified_gmt":"2025-11-05T14:27:38","slug":"aviso-legal","status":"publish","type":"page","link":"https:\/\/www.dns-alpha.com\/es\/aviso-legal\/","title":{"rendered":"Aviso legal"},"content":{"rendered":"\t\t<div data-elementor-type=\"wp-page\" data-elementor-id=\"1990\" class=\"elementor elementor-1990 elementor-447\" data-elementor-post-type=\"page\">\n\t\t\t\t<div class=\"elementor-element elementor-element-62e335a1 e-flex e-con-boxed e-con e-parent\" data-id=\"62e335a1\" data-element_type=\"container\" data-e-type=\"container\" data-settings=\"{&quot;background_background&quot;:&quot;classic&quot;,&quot;animation&quot;:&quot;none&quot;}\">\n\t\t\t\t\t<div class=\"e-con-inner\">\n\t\t<div class=\"elementor-element elementor-element-4c107d54 e-flex e-con-boxed e-con e-child\" data-id=\"4c107d54\" data-element_type=\"container\" data-e-type=\"container\">\n\t\t\t\t\t<div class=\"e-con-inner\">\n\t\t\t\t<div class=\"elementor-element elementor-element-64eb8cbb elementor-invisible elementor-widget elementor-widget-heading\" data-id=\"64eb8cbb\" data-element_type=\"widget\" data-e-type=\"widget\" data-settings=\"{&quot;_animation&quot;:&quot;fadeInUp&quot;,&quot;_animation_delay&quot;:500}\" data-widget_type=\"heading.default\">\n\t\t\t\t<div class=\"elementor-widget-container\">\n\t\t\t\t\t<h1 class=\"elementor-heading-title elementor-size-default\">Aviso legal<\/h1>\t\t\t\t<\/div>\n\t\t\t\t<\/div>\n\t\t\t\t\t<\/div>\n\t\t\t\t<\/div>\n\t\t\t\t\t<\/div>\n\t\t\t\t<\/div>\n\t\t<div class=\"elementor-element elementor-element-1246db6 e-flex e-con-boxed e-con e-parent\" data-id=\"1246db6\" data-element_type=\"container\" data-e-type=\"container\">\n\t\t\t\t\t<div class=\"e-con-inner\">\n\t\t\t\t<div class=\"elementor-element elementor-element-8834f8a elementor-widget elementor-widget-text-editor\" data-id=\"8834f8a\" data-element_type=\"widget\" data-e-type=\"widget\" data-widget_type=\"text-editor.default\">\n\t\t\t\t<div class=\"elementor-widget-container\">\n\t\t\t\t\t\t\t\t\t<p><b>El desarrollo nunca se detiene Alpha Schweiz GmbH<br><\/b>Via Maistra 65<br>7504 Pontresina<br>Suiza<\/p><p>CIF: CHE-478.201.087<br>Tribunal de registro: Z\u00farich<\/p><p><strong>Representado por:<br><\/strong>Marcel G. Geser, Tim Vetter<\/p><p><b>Filial de<\/b><b>Development Never Stops Alpha<\/b><b>Schweiz GmbH<br><\/b><b>Development Never Stops Alpha EMEA GmbH<br><\/b>Landsberger Stra\u00dfe 336<br>80687 Munich<br>Alemania<\/p><p>N\u00famero de identificaci\u00f3n fiscal:<b> <\/b>DE319469644<br>Registro mercantil: HRB 292735<br>Tribunal de registro: M\u00fanich<\/p><h2>Contacto<\/h2><p>Tel\u00e9fono: +49 8925 00768-30<br>Telefax: +49 8925 00768-69<br>E-Mail: info@dns-alpha.com<\/p><h2>Responsable de redacci\u00f3n<\/h2><p><b>El desarrollo nunca se detiene Alpha EMEA GmbH<br><\/b>Representada por: Tim Vetter<\/p><h2>Servicios de medios audiovisuales<\/h2><p>Pa\u00eds de domicilio: Alemania<br>Autoridad reguladora y supervisora responsable: Centro Estatal de Medios de Comunicaci\u00f3n de Baviera (BLM)<br><span style=\"font-style: inherit; background-color: #ffffff;\"><a href=\"https:\/\/www.blm.de\/de\/startseite.cfm\" target=\"_blank\" rel=\"noopener\">https:\/\/www.blm.de\/de\/startseite.cfm<\/a><\/span><\/p><h2>Resoluci\u00f3n de litigios en la UE<\/h2><p>La Comisi\u00f3n Europea pone a disposici\u00f3n una plataforma para la resoluci\u00f3n de litigios en l\u00ednea (RLL): <a href=\"https:\/\/ec.europa.eu\/consumers\/odr\/\" target=\"_blank\" rel=\"noopener noreferrer\">https:\/\/ec.europa.eu\/consumers\/odr\/.<br><\/a>Nuestra direcci\u00f3n de correo electr\u00f3nico la hallar\u00e1 usted m\u00e1s arriba en el Aviso Legal.<\/p><h2>Resoluci\u00f3n de disputas de consumidores \/ Junta arbitral universal<\/h2><p>No estamos dispuestos u obligados a participar en procedimientos de resoluci\u00f3n de disputas ante una junta de arbitraje de consumidores.<\/p>\t\t\t\t\t\t\t\t<\/div>\n\t\t\t\t<\/div>\n\t\t\t\t<div class=\"elementor-element elementor-element-f92e977 elementor-widget elementor-widget-html\" data-id=\"f92e977\" data-element_type=\"widget\" data-e-type=\"widget\" data-widget_type=\"html.default\">\n\t\t\t\t<div class=\"elementor-widget-container\">\n\t\t\t\t\t<h2>Realizaci\u00f3n del sitio web e im\u00e1genes<\/h2>\n<b>KREATIV KOMPANIE GmbH<br>Agencia de marketing y publicidad<\/b><br><a href=\"https:\/\/kreativ-kompanie.de\" target=\"_blank\" rel=\"noopener\">https:\/\/kreativ-kompanie.de<\/a>\t\t\t\t<\/div>\n\t\t\t\t<\/div>\n\t\t\t\t\t<\/div>\n\t\t\t\t<\/div>\n\t\t\t\t<\/div>\n\t\t","protected":false},"excerpt":{"rendered":"<p>Aviso legal El desarrollo nunca se detiene Alpha Schweiz GmbHVia Maistra 657504 PontresinaSuiza CIF: CHE-478.201.087Tribunal de registro: Z\u00farich Representado por:Marcel [&hellip;]<\/p>\n","protected":false},"author":1,"featured_media":0,"parent":0,"menu_order":0,"comment_status":"closed","ping_status":"closed","template":"","meta":{"site-sidebar-layout":"no-sidebar","site-content-layout":"","ast-site-content-layout":"full-width-container","site-content-style":"default","site-sidebar-style":"default","ast-global-header-display":"","ast-banner-title-visibility":"","ast-main-header-display":"","ast-hfb-above-header-display":"","ast-hfb-below-header-display":"","ast-hfb-mobile-header-display":"","site-post-title":"disabled","ast-breadcrumbs-content":"","ast-featured-img":"disabled","footer-sml-layout":"","ast-disable-related-posts":"","theme-transparent-header-meta":"","adv-header-id-meta":"","stick-header-meta":"","header-above-stick-meta":"","header-main-stick-meta":"","header-below-stick-meta":"","astra-migrate-meta-layouts":"default","ast-page-background-enabled":"default","ast-page-background-meta":{"desktop":{"background-color":"var(--ast-global-color-4)","background-image":"","background-repeat":"repeat","background-position":"center center","background-size":"auto","background-attachment":"scroll","background-type":"","background-media":"","overlay-type":"","overlay-color":"","overlay-opacity":"","overlay-gradient":""},"tablet":{"background-color":"","background-image":"","background-repeat":"repeat","background-position":"center center","background-size":"auto","background-attachment":"scroll","background-type":"","background-media":"","overlay-type":"","overlay-color":"","overlay-opacity":"","overlay-gradient":""},"mobile":{"background-color":"","background-image":"","background-repeat":"repeat","background-position":"center center","background-size":"auto","background-attachment":"scroll","background-type":"","background-media":"","overlay-type":"","overlay-color":"","overlay-opacity":"","overlay-gradient":""}},"ast-content-background-meta":{"desktop":{"background-color":"var(--ast-global-color-5)","background-image":"","background-repeat":"repeat","background-position":"center center","background-size":"auto","background-attachment":"scroll","background-type":"","background-media":"","overlay-type":"","overlay-color":"","overlay-opacity":"","overlay-gradient":""},"tablet":{"background-color":"var(--ast-global-color-5)","background-image":"","background-repeat":"repeat","background-position":"center center","background-size":"auto","background-attachment":"scroll","background-type":"","background-media":"","overlay-type":"","overlay-color":"","overlay-opacity":"","overlay-gradient":""},"mobile":{"background-color":"var(--ast-global-color-5)","background-image":"","background-repeat":"repeat","background-position":"center center","background-size":"auto","background-attachment":"scroll","background-type":"","background-media":"","overlay-type":"","overlay-color":"","overlay-opacity":"","overlay-gradient":""}},"footnotes":""},"class_list":["post-1990","page","type-page","status-publish","hentry"],"_links":{"self":[{"href":"https:\/\/www.dns-alpha.com\/es\/wp-json\/wp\/v2\/pages\/1990","targetHints":{"allow":["GET"]}}],"collection":[{"href":"https:\/\/www.dns-alpha.com\/es\/wp-json\/wp\/v2\/pages"}],"about":[{"href":"https:\/\/www.dns-alpha.com\/es\/wp-json\/wp\/v2\/types\/page"}],"author":[{"embeddable":true,"href":"https:\/\/www.dns-alpha.com\/es\/wp-json\/wp\/v2\/users\/1"}],"replies":[{"embeddable":true,"href":"https:\/\/www.dns-alpha.com\/es\/wp-json\/wp\/v2\/comments?post=1990"}],"version-history":[{"count":0,"href":"https:\/\/www.dns-alpha.com\/es\/wp-json\/wp\/v2\/pages\/1990\/revisions"}],"wp:attachment":[{"href":"https:\/\/www.dns-alpha.com\/es\/wp-json\/wp\/v2\/media?parent=1990"}],"curies":[{"name":"wp","href":"https:\/\/api.w.org\/{rel}","templated":true}]}}