{"id":1988,"date":"2024-12-09T15:34:49","date_gmt":"2024-12-09T15:34:49","guid":{"rendered":"https:\/\/www.dns-alpha.com\/impressum\/"},"modified":"2025-11-05T14:26:58","modified_gmt":"2025-11-05T14:26:58","slug":"impressum","status":"publish","type":"page","link":"https:\/\/www.dns-alpha.com\/fr\/impressum\/","title":{"rendered":"Mentions l\u00e9gales"},"content":{"rendered":"\t\t<div data-elementor-type=\"wp-page\" data-elementor-id=\"1988\" class=\"elementor elementor-1988 elementor-447\" data-elementor-post-type=\"page\">\n\t\t\t\t<div class=\"elementor-element elementor-element-62e335a1 e-flex e-con-boxed e-con e-parent\" data-id=\"62e335a1\" data-element_type=\"container\" data-e-type=\"container\" data-settings=\"{&quot;background_background&quot;:&quot;classic&quot;,&quot;animation&quot;:&quot;none&quot;}\">\n\t\t\t\t\t<div class=\"e-con-inner\">\n\t\t<div class=\"elementor-element elementor-element-4c107d54 e-flex e-con-boxed e-con e-child\" data-id=\"4c107d54\" data-element_type=\"container\" data-e-type=\"container\">\n\t\t\t\t\t<div class=\"e-con-inner\">\n\t\t\t\t<div class=\"elementor-element elementor-element-64eb8cbb elementor-invisible elementor-widget elementor-widget-heading\" data-id=\"64eb8cbb\" data-element_type=\"widget\" data-e-type=\"widget\" data-settings=\"{&quot;_animation&quot;:&quot;fadeInUp&quot;,&quot;_animation_delay&quot;:500}\" data-widget_type=\"heading.default\">\n\t\t\t\t<div class=\"elementor-widget-container\">\n\t\t\t\t\t<h1 class=\"elementor-heading-title elementor-size-default\">Mentions l\u00e9gales<\/h1>\t\t\t\t<\/div>\n\t\t\t\t<\/div>\n\t\t\t\t\t<\/div>\n\t\t\t\t<\/div>\n\t\t\t\t\t<\/div>\n\t\t\t\t<\/div>\n\t\t<div class=\"elementor-element elementor-element-1246db6 e-flex e-con-boxed e-con e-parent\" data-id=\"1246db6\" data-element_type=\"container\" data-e-type=\"container\">\n\t\t\t\t\t<div class=\"e-con-inner\">\n\t\t\t\t<div class=\"elementor-element elementor-element-8834f8a elementor-widget elementor-widget-text-editor\" data-id=\"8834f8a\" data-element_type=\"widget\" data-e-type=\"widget\" data-widget_type=\"text-editor.default\">\n\t\t\t\t<div class=\"elementor-widget-container\">\n\t\t\t\t\t\t\t\t\t<p><b>Development Never Stops Alpha Schweiz GmbH<br><\/b>Via Maistra 65<br>7504 Pontresina<br>Suisse<\/p><p>Num\u00e9ro d&#8217;identification fiscale : CHE-478.201.087<br>Tribunal d&#8217;enregistrement : Zurich<\/p><p><strong>Repr\u00e9sent\u00e9 par:<br><\/strong>Marcel G. Geser, Tim Vetter<\/p><p><b>Filiale de Development Never Stops Alpha Schweiz GmbH<br><\/b><b>Development Never Stops Alpha EMEA GmbH<br><\/b>Landsberger Stra\u00dfe 336<br>80687 Munich<br>Allemagne<\/p><p>Num\u00e9ro de TVA intracommunautaire :<b> <\/b>DE319469644<br>Registre du commerce : HRB 292735<br>Tribunal d&#8217;enregistrement : Munich<\/p><h2>Contact<\/h2><p>T\u00e9l\u00e9phone: +49 8925 00768-30<br>Fax: +49 8925 00768-69<br>E-Mail: info@dns-alpha.com<\/p><h2>Responsable de la r\u00e9daction<\/h2><p><b>Development Never Stops Alpha EMEA GmbH<br><\/b>Repr\u00e9sent\u00e9 par : Tim Vetter<\/p><h2>Services de m\u00e9dias audiovisuels<\/h2><p>Pays de r\u00e9sidence : Allemagne<br>Autorit\u00e9 de r\u00e9gulation ou de surveillance comp\u00e9tente : Bayerische Landeszentrale f\u00fcr Medien (BLM) (Centrale bavaroise des m\u00e9dias)<br><span style=\"font-style: inherit; background-color: #ffffff;\"><a href=\"https:\/\/www.blm.de\/de\/startseite.cfm\" target=\"_blank\" rel=\"noopener\">https:\/\/www.blm.de\/de\/startseite.cfm<\/a><\/span><\/p><h2>R\u00e8glement des litiges au sein de l\u2019UE<\/h2><p>La Commission europ\u00e9enne met \u00e0 disposition une plateforme de r\u00e8glement en ligne des litiges (RLL) : <a href=\"https:\/\/ec.europa.eu\/consumers\/odr\/\" target=\"_blank\" rel=\"noopener noreferrer\">https:\/\/ec.europa.eu\/consumers\/odr\/.<br><\/a>Vous trouverez notre adresse e-mail en haut de la page consacr\u00e9e aux mentions l\u00e9gales.<\/p><h2>R\u00e8glement des litiges \u00abconsommateurs\u00bb \/ organisme de conciliation universel<\/h2><p>Nous ne sommes ni tenus, ni favorables \u00e0 une participation \u00e0 la proc\u00e9dure de r\u00e8glement des litiges devant un organisme de conciliation des consommateurs.<\/p>\t\t\t\t\t\t\t\t<\/div>\n\t\t\t\t<\/div>\n\t\t\t\t<div class=\"elementor-element elementor-element-f92e977 elementor-widget elementor-widget-html\" data-id=\"f92e977\" data-element_type=\"widget\" data-e-type=\"widget\" data-widget_type=\"html.default\">\n\t\t\t\t<div class=\"elementor-widget-container\">\n\t\t\t\t\t<h2>R\u00e9alisation du site web &amp; images d'entreprise<\/h2>\n<b>KREATIV KOMPANIE GmbH<br>Agence de marketing et de publicit\u00e9<\/b><br><a href=\"https:\/\/kreativ-kompanie.de\" target=\"_blank\" rel=\"noopener\">https:\/\/kreativ-kompanie.de<\/a>\t\t\t\t<\/div>\n\t\t\t\t<\/div>\n\t\t\t\t\t<\/div>\n\t\t\t\t<\/div>\n\t\t\t\t<\/div>\n\t\t","protected":false},"excerpt":{"rendered":"<p>Mentions l\u00e9gales Development Never Stops Alpha Schweiz GmbHVia Maistra 657504 PontresinaSuisse Num\u00e9ro d&#8217;identification fiscale : CHE-478.201.087Tribunal d&#8217;enregistrement : Zurich Repr\u00e9sent\u00e9 [&hellip;]<\/p>\n","protected":false},"author":1,"featured_media":0,"parent":0,"menu_order":0,"comment_status":"closed","ping_status":"closed","template":"","meta":{"site-sidebar-layout":"no-sidebar","site-content-layout":"","ast-site-content-layout":"full-width-container","site-content-style":"default","site-sidebar-style":"default","ast-global-header-display":"","ast-banner-title-visibility":"","ast-main-header-display":"","ast-hfb-above-header-display":"","ast-hfb-below-header-display":"","ast-hfb-mobile-header-display":"","site-post-title":"disabled","ast-breadcrumbs-content":"","ast-featured-img":"disabled","footer-sml-layout":"","ast-disable-related-posts":"","theme-transparent-header-meta":"","adv-header-id-meta":"","stick-header-meta":"","header-above-stick-meta":"","header-main-stick-meta":"","header-below-stick-meta":"","astra-migrate-meta-layouts":"default","ast-page-background-enabled":"default","ast-page-background-meta":{"desktop":{"background-color":"var(--ast-global-color-4)","background-image":"","background-repeat":"repeat","background-position":"center center","background-size":"auto","background-attachment":"scroll","background-type":"","background-media":"","overlay-type":"","overlay-color":"","overlay-opacity":"","overlay-gradient":""},"tablet":{"background-color":"","background-image":"","background-repeat":"repeat","background-position":"center center","background-size":"auto","background-attachment":"scroll","background-type":"","background-media":"","overlay-type":"","overlay-color":"","overlay-opacity":"","overlay-gradient":""},"mobile":{"background-color":"","background-image":"","background-repeat":"repeat","background-position":"center center","background-size":"auto","background-attachment":"scroll","background-type":"","background-media":"","overlay-type":"","overlay-color":"","overlay-opacity":"","overlay-gradient":""}},"ast-content-background-meta":{"desktop":{"background-color":"var(--ast-global-color-5)","background-image":"","background-repeat":"repeat","background-position":"center center","background-size":"auto","background-attachment":"scroll","background-type":"","background-media":"","overlay-type":"","overlay-color":"","overlay-opacity":"","overlay-gradient":""},"tablet":{"background-color":"var(--ast-global-color-5)","background-image":"","background-repeat":"repeat","background-position":"center center","background-size":"auto","background-attachment":"scroll","background-type":"","background-media":"","overlay-type":"","overlay-color":"","overlay-opacity":"","overlay-gradient":""},"mobile":{"background-color":"var(--ast-global-color-5)","background-image":"","background-repeat":"repeat","background-position":"center center","background-size":"auto","background-attachment":"scroll","background-type":"","background-media":"","overlay-type":"","overlay-color":"","overlay-opacity":"","overlay-gradient":""}},"footnotes":""},"class_list":["post-1988","page","type-page","status-publish","hentry"],"_links":{"self":[{"href":"https:\/\/www.dns-alpha.com\/fr\/wp-json\/wp\/v2\/pages\/1988","targetHints":{"allow":["GET"]}}],"collection":[{"href":"https:\/\/www.dns-alpha.com\/fr\/wp-json\/wp\/v2\/pages"}],"about":[{"href":"https:\/\/www.dns-alpha.com\/fr\/wp-json\/wp\/v2\/types\/page"}],"author":[{"embeddable":true,"href":"https:\/\/www.dns-alpha.com\/fr\/wp-json\/wp\/v2\/users\/1"}],"replies":[{"embeddable":true,"href":"https:\/\/www.dns-alpha.com\/fr\/wp-json\/wp\/v2\/comments?post=1988"}],"version-history":[{"count":0,"href":"https:\/\/www.dns-alpha.com\/fr\/wp-json\/wp\/v2\/pages\/1988\/revisions"}],"wp:attachment":[{"href":"https:\/\/www.dns-alpha.com\/fr\/wp-json\/wp\/v2\/media?parent=1988"}],"curies":[{"name":"wp","href":"https:\/\/api.w.org\/{rel}","templated":true}]}}